{"id":3,"date":"2023-01-31T16:47:29","date_gmt":"2023-01-31T16:47:29","guid":{"rendered":"http:\/\/oslivros.com\/?page_id=3"},"modified":"2023-02-16T13:53:50","modified_gmt":"2023-02-16T13:53:50","slug":"privacy-policy","status":"publish","type":"page","link":"https:\/\/oslivros.com\/index.php\/privacy-policy\/","title":{"rendered":"Pol\u00edtica de Privacidade"},"content":{"rendered":"\n<h3 class=\"wp-block-heading\">Sobre n\u00f3s<\/h3>\n\n\n\n<p>Melhores Livros tem a miss\u00e3o de ajud\u00e1-lo a encontrar op\u00e7\u00f5es de livros que melhor atendam \u00e0s suas necessidades de forma simples e f\u00e1cil.<a><\/a>Pol\u00edtica de Privacidade.<\/p>\n\n\n\n<h3 class=\"wp-block-heading\">Pol\u00edtica de Privacidade<\/h3>\n\n\n\n<p>O site recebe e mant\u00e9m informa\u00e7\u00f5es do seu browser nos nossos servidores, incluindo seu IP ou endere\u00e7o de refer\u00eancia e a p\u00e1gina que voc\u00ea procurou. Al\u00e9m desta informa\u00e7\u00e3o, a \u00fanica outra informa\u00e7\u00e3o pessoal que n\u00f3s coletamos sobre voc\u00ea \u00e9 a que nos for fornecida em nossos formul\u00e1rios online. O site ser\u00e1 o \u00fanico detentor desta informa\u00e7\u00e3o. Esta informa\u00e7\u00e3o somente ser\u00e1 usada para nosso acompanhamento estat\u00edstico do n\u00famero de visitas.<\/p>\n\n\n\n<p>O site usa cookies e outras tecnologias para melhorar a sua experi\u00eancia on-line e para saber como voc\u00ea usa nossos servi\u00e7os, com a finalidade de melhorar a qualidade deles.<\/p>\n\n\n\n<p>Usamos empresas de publicidade de terceiros para veicular an\u00fancios durante a sua visita ao nosso website. Essas empresas podem usar informa\u00e7\u00f5es (que n\u00e3o incluem o seu nome, endere\u00e7o, endere\u00e7o de e-mail ou n\u00famero de telefone) sobre suas visitas a este e a outros websites a fim de exibir an\u00fancios relacionados a produtos e servi\u00e7os de seu interesse. Para obter mais informa\u00e7\u00f5es sobre essa pr\u00e1tica e saber como impedir que as empresas utilizem esses dados,&nbsp;<a href=\"https:\/\/www.google.com\/policies\/technologies\/ads\/\" target=\"_blank\" rel=\"noreferrer noopener\">clique aqui<\/a>.<\/p>\n\n\n\n<h3 class=\"wp-block-heading\">Configurar Cookies no Site<\/h3>\n\n\n\n<p>Para rever e\/ou alterar as op\u00e7\u00f5es do consentimento relativas a cookies,&nbsp;clique aqui.<\/p>\n\n\n\n<p>An\u00fancios Google:<\/p>\n\n\n\n<p>O Google, como fornecedor de terceiros, utiliza cookies para exibir an\u00fancios neste site.<\/p>\n\n\n\n<p>Com o cookie DART, o Google pode exibir an\u00fancios com base nas visitas feitas ao site e a outros sites na Internet.<\/p>\n\n\n\n<p>Os usu\u00e1rios podem desativar o cookie DART visitando a Pol\u00edtica de privacidade da rede de conte\u00fado e dos an\u00fancios do Google.<\/p>\n\n\n\n<p>Esta pol\u00edtica de privacidade pode ser atualizada sem aviso pr\u00e9vio, portanto revise-a periodicamente para assegurar-se de estar informado sobre estas mudan\u00e7as.<\/p>\n\n\n\n<h3 class=\"wp-block-heading\">Amazon Associados<\/h3>\n\n\n\n<p>O site participa do programa de afiliados Amazon Brasil, que permite receber comiss\u00f5es vinculando os produtos amazon.com.br no site.<\/p>\n","protected":false},"excerpt":{"rendered":"<p>Sobre n\u00f3s Melhores Livros tem a miss\u00e3o de ajud\u00e1-lo a encontrar op\u00e7\u00f5es de livros que melhor atendam \u00e0s suas necessidades de forma simples e f\u00e1cil.Pol\u00edtica de Privacidade. Pol\u00edtica de Privacidade O site recebe e mant\u00e9m informa\u00e7\u00f5es do seu browser nos nossos servidores, incluindo seu IP ou endere\u00e7o de refer\u00eancia e a p\u00e1gina que voc\u00ea procurou. &#8230; <a title=\"Pol\u00edtica de Privacidade\" class=\"read-more\" href=\"https:\/\/oslivros.com\/index.php\/privacy-policy\/\" aria-label=\"More on Pol\u00edtica de Privacidade\">Leia mais<\/a><\/p>\n","protected":false},"author":1,"featured_media":0,"parent":0,"menu_order":0,"comment_status":"closed","ping_status":"open","template":"","meta":{"om_disable_all_campaigns":false,"_monsterinsights_skip_tracking":false,"_monsterinsights_sitenote_active":false,"_monsterinsights_sitenote_note":"","_monsterinsights_sitenote_category":0,"footnotes":""},"_links":{"self":[{"href":"https:\/\/oslivros.com\/index.php\/wp-json\/wp\/v2\/pages\/3"}],"collection":[{"href":"https:\/\/oslivros.com\/index.php\/wp-json\/wp\/v2\/pages"}],"about":[{"href":"https:\/\/oslivros.com\/index.php\/wp-json\/wp\/v2\/types\/page"}],"author":[{"embeddable":true,"href":"https:\/\/oslivros.com\/index.php\/wp-json\/wp\/v2\/users\/1"}],"replies":[{"embeddable":true,"href":"https:\/\/oslivros.com\/index.php\/wp-json\/wp\/v2\/comments?post=3"}],"version-history":[{"count":2,"href":"https:\/\/oslivros.com\/index.php\/wp-json\/wp\/v2\/pages\/3\/revisions"}],"predecessor-version":[{"id":3972,"href":"https:\/\/oslivros.com\/index.php\/wp-json\/wp\/v2\/pages\/3\/revisions\/3972"}],"wp:attachment":[{"href":"https:\/\/oslivros.com\/index.php\/wp-json\/wp\/v2\/media?parent=3"}],"curies":[{"name":"wp","href":"https:\/\/api.w.org\/{rel}","templated":true}]}}